{"id":973,"date":"2017-01-29T22:03:58","date_gmt":"2017-01-29T22:03:58","guid":{"rendered":"http:\/\/aerotec.es\/nuestra-escuela\/"},"modified":"2022-05-10T16:43:51","modified_gmt":"2022-05-10T16:43:51","slug":"nuestra-escuela","status":"publish","type":"page","link":"https:\/\/aerotec.es\/en\/quienes-somos\/nuestra-escuela\/","title":{"rendered":"Our school"},"content":{"rendered":"\t\t<div data-elementor-type=\"wp-page\" data-elementor-id=\"973\" class=\"elementor elementor-973 elementor-56\" data-elementor-post-type=\"page\">\n\t\t\t\t\t\t<section class=\"elementor-section elementor-top-section elementor-element elementor-element-2f6e7e2 elementor-section-full_width elementor-section-height-min-height elementor-section-stretched elementor-section-height-default elementor-section-items-middle\" data-id=\"2f6e7e2\" data-element_type=\"section\" data-settings=\"{&quot;stretch_section&quot;:&quot;section-stretched&quot;,&quot;background_background&quot;:&quot;classic&quot;}\">\n\t\t\t\t\t\t<div class=\"elementor-container elementor-column-gap-no\">\n\t\t\t\t\t<div class=\"elementor-column elementor-col-100 elementor-top-column elementor-element elementor-element-fa42c16\" data-id=\"fa42c16\" data-element_type=\"column\">\n\t\t\t<div class=\"elementor-widget-wrap\">\n\t\t\t\t\t\t\t<\/div>\n\t\t<\/div>\n\t\t\t\t\t<\/div>\n\t\t<\/section>\n\t\t\t\t<section class=\"elementor-section elementor-top-section elementor-element elementor-element-ddead8d elementor-section-boxed elementor-section-height-default elementor-section-height-default\" data-id=\"ddead8d\" data-element_type=\"section\">\n\t\t\t\t\t\t<div class=\"elementor-container elementor-column-gap-default\">\n\t\t\t\t\t<div class=\"elementor-column elementor-col-50 elementor-top-column elementor-element elementor-element-5c3805b\" data-id=\"5c3805b\" data-element_type=\"column\">\n\t\t\t<div class=\"elementor-widget-wrap elementor-element-populated\">\n\t\t\t\t\t\t<div class=\"elementor-element elementor-element-d46990a elementor-widget elementor-widget-template\" data-id=\"d46990a\" data-element_type=\"widget\" data-widget_type=\"template.default\">\n\t\t\t\t<div class=\"elementor-widget-container\">\n\t\t\t\t\t\t\t<div class=\"elementor-template\">\n\t\t\t\t\t<div data-elementor-type=\"section\" data-elementor-id=\"3523\" class=\"elementor elementor-3523\" data-elementor-post-type=\"elementor_library\">\n\t\t\t\t\t<section class=\"elementor-section elementor-top-section elementor-element elementor-element-7872e5e elementor-hidden-tablet elementor-hidden-mobile elementor-section-boxed elementor-section-height-default elementor-section-height-default\" data-id=\"7872e5e\" data-element_type=\"section\" data-settings=\"{&quot;background_background&quot;:&quot;classic&quot;}\">\n\t\t\t\t\t\t<div class=\"elementor-container elementor-column-gap-default\">\n\t\t\t\t\t<div class=\"elementor-column elementor-col-100 elementor-top-column elementor-element elementor-element-7363959\" data-id=\"7363959\" data-element_type=\"column\">\n\t\t\t<div class=\"elementor-widget-wrap elementor-element-populated\">\n\t\t\t\t\t\t<div class=\"elementor-element elementor-element-cf92f6c elementor-widget elementor-widget-heading\" data-id=\"cf92f6c\" data-element_type=\"widget\" data-widget_type=\"heading.default\">\n\t\t\t\t<div class=\"elementor-widget-container\">\n\t\t\t\t\t<h2 class=\"elementor-heading-title elementor-size-default\">Quienes somos<\/h2>\t\t\t\t<\/div>\n\t\t\t\t<\/div>\n\t\t\t\t<div class=\"elementor-element elementor-element-a4c08e7 vertical-menu elementor-widget elementor-widget-wpb-accordion-menu\" data-id=\"a4c08e7\" data-element_type=\"widget\" data-widget_type=\"wpb-accordion-menu.default\">\n\t\t\t\t<div class=\"elementor-widget-container\">\n\t\t\t\t\t\n\t\t<div class=\"wpb-wmca-elementor-widget\">\n\t\t\t\t<div class=\"wpb_category_n_menu_accordion wpb_wmca_accordion_wrapper_theme_dark\" data-accordion=\"true\" data-indicator_icon=\"+\" data-iconclass=\"\">\n\t\t<ul id=\"menu-menu-somos-ingles-2\" class=\"wpb_category_n_menu_accordion_list\"><li id=\"menu-item-1143\" class=\"menu-item menu-item-type-post_type menu-item-object-page menu-item-1143\"><a href=\"https:\/\/aerotec.es\/en\/quienes-somos\/nuestra-escuela\/\">Our school<\/a><\/li>\n<li id=\"menu-item-1144\" class=\"menu-item menu-item-type-post_type menu-item-object-page menu-item-1144\"><a href=\"https:\/\/aerotec.es\/en\/quienes-somos\/nuestro-centro-de-mantenimiento\/\">Our maintenance center<\/a><\/li>\n<li id=\"menu-item-1145\" class=\"menu-item menu-item-type-post_type menu-item-object-page menu-item-has-children menu-item-1145\"><a href=\"https:\/\/aerotec.es\/en\/quienes-somos\/nuestra-flota\/\">Our fleet<\/a>\n<ul class=\"sub-menu\">\n\t<li id=\"menu-item-5049\" class=\"menu-item menu-item-type-post_type menu-item-object-page menu-item-5049\"><a href=\"https:\/\/aerotec.es\/en\/quienes-somos\/nuestra-flota\/piper-seneca\/\">Piper PA34 Seneca<\/a><\/li>\n\t<li id=\"menu-item-5050\" class=\"menu-item menu-item-type-post_type menu-item-object-page menu-item-5050\"><a href=\"https:\/\/aerotec.es\/en\/quienes-somos\/nuestra-flota\/pipper-pa-28-arrow\/\">Piper PA-28 Arrow<\/a><\/li>\n\t<li id=\"menu-item-5054\" class=\"menu-item menu-item-type-post_type menu-item-object-page menu-item-5054\"><a href=\"https:\/\/aerotec.es\/en\/quienes-somos\/nuestra-flota\/cessna-c-172\/\">Cessna C-172<\/a><\/li>\n\t<li id=\"menu-item-5053\" class=\"menu-item menu-item-type-post_type menu-item-object-page menu-item-5053\"><a href=\"https:\/\/aerotec.es\/en\/quienes-somos\/nuestra-flota\/diamond-da40-180\/\">Diamond DA40-180<\/a><\/li>\n\t<li id=\"menu-item-5052\" class=\"menu-item menu-item-type-post_type menu-item-object-page menu-item-5052\"><a href=\"https:\/\/aerotec.es\/en\/quienes-somos\/nuestra-flota\/tecnam-p2006t\/\">Tecnam P2006T<\/a><\/li>\n\t<li id=\"menu-item-6239\" class=\"menu-item menu-item-type-post_type menu-item-object-page menu-item-6239\"><a href=\"https:\/\/aerotec.es\/en\/quienes-somos\/nuestra-flota\/tecnam-p-mentor\/\">Tecnam P-Mentor<\/a><\/li>\n<\/ul>\n<\/li>\n<li id=\"menu-item-1146\" class=\"menu-item menu-item-type-post_type menu-item-object-page menu-item-1146\"><a href=\"https:\/\/aerotec.es\/en\/quienes-somos\/nuestros-simuladores\/\">Our simulators<\/a><\/li>\n<li id=\"menu-item-1579\" class=\"menu-item menu-item-type-post_type menu-item-object-page menu-item-1579\"><a href=\"https:\/\/aerotec.es\/en\/quienes-somos\/becas-excelencia-academica\/\">Scholarships<\/a><\/li>\n<li id=\"menu-item-1147\" class=\"menu-item menu-item-type-post_type menu-item-object-page menu-item-1147\"><a href=\"https:\/\/aerotec.es\/en\/quienes-somos\/financiacion\/\">Financing<\/a><\/li>\n<li id=\"menu-item-1899\" class=\"menu-item menu-item-type-post_type menu-item-object-page menu-item-1899\"><a href=\"https:\/\/aerotec.es\/en\/quienes-somos\/empresas-colaboradoras\/\">Business partners<\/a><\/li>\n<li id=\"menu-item-1148\" class=\"menu-item menu-item-type-post_type menu-item-object-page menu-item-1148\"><a href=\"https:\/\/aerotec.es\/en\/quienes-somos\/equipo-humano\/\">Our team<\/a><\/li>\n<li id=\"menu-item-1149\" class=\"menu-item menu-item-type-custom menu-item-object-custom menu-item-1149\"><a href=\"http:\/\/aerotec.es\/en\/contacto\/\">Our bases<\/a><\/li>\n<li id=\"menu-item-1821\" class=\"menu-item menu-item-type-post_type menu-item-object-page menu-item-1821\"><a href=\"https:\/\/aerotec.es\/en\/quienes-somos\/responsabilidad-social-corporativa\/\">Social Corporate Responsibility<\/a><\/li>\n<\/ul>\t<\/div>\n\t\t<\/div>\n\n\t\t\t\t<\/div>\n\t\t\t\t<\/div>\n\t\t\t\t\t<\/div>\n\t\t<\/div>\n\t\t\t\t\t<\/div>\n\t\t<\/section>\n\t\t\t\t<\/div>\n\t\t\t\t<\/div>\n\t\t\t\t\t\t<\/div>\n\t\t\t\t<\/div>\n\t\t\t\t\t<\/div>\n\t\t<\/div>\n\t\t\t\t<div class=\"elementor-column elementor-col-50 elementor-top-column elementor-element elementor-element-83bb521\" data-id=\"83bb521\" data-element_type=\"column\">\n\t\t\t<div class=\"elementor-widget-wrap elementor-element-populated\">\n\t\t\t\t\t\t<div class=\"elementor-element elementor-element-7ae1105 elementor-widget elementor-widget-heading\" data-id=\"7ae1105\" data-element_type=\"widget\" data-widget_type=\"heading.default\">\n\t\t\t\t<div class=\"elementor-widget-container\">\n\t\t\t\t\t<h2 class=\"elementor-heading-title elementor-size-default\">Our School<\/h2>\t\t\t\t<\/div>\n\t\t\t\t<\/div>\n\t\t\t\t<div class=\"elementor-element elementor-element-58d7194 elementor-widget elementor-widget-heading\" data-id=\"58d7194\" data-element_type=\"widget\" data-widget_type=\"heading.default\">\n\t\t\t\t<div class=\"elementor-widget-container\">\n\t\t\t\t\t<h3 class=\"elementor-heading-title elementor-size-default\">AEROTEC was founded and set up by professionals of aeronautical teaching. It started to run its activity in 1993 in Madrid \u2013 Cuatro Vientos, where our central head office is located.<\/h3>\t\t\t\t<\/div>\n\t\t\t\t<\/div>\n\t\t\t\t<div class=\"elementor-element elementor-element-0fd63c9 elementor-widget elementor-widget-video\" data-id=\"0fd63c9\" data-element_type=\"widget\" data-settings=\"{&quot;youtube_url&quot;:&quot;https:\\\/\\\/www.youtube.com\\\/watch?v=XbzEkFMeNNs&amp;t=1s&quot;,&quot;show_image_overlay&quot;:&quot;yes&quot;,&quot;image_overlay&quot;:{&quot;url&quot;:&quot;https:\\\/\\\/aerotec.es\\\/wp-content\\\/uploads\\\/2013\\\/05\\\/escuela-de-pilotos-aerotec.jpg&quot;,&quot;id&quot;:580,&quot;size&quot;:&quot;&quot;,&quot;alt&quot;:&quot;&quot;,&quot;source&quot;:&quot;library&quot;},&quot;video_type&quot;:&quot;youtube&quot;,&quot;controls&quot;:&quot;yes&quot;}\" data-widget_type=\"video.default\">\n\t\t\t\t<div class=\"elementor-widget-container\">\n\t\t\t\t\t\t\t<div class=\"elementor-wrapper elementor-open-inline\">\n\t\t\t<div class=\"elementor-video\"><\/div>\t\t\t\t<div class=\"elementor-custom-embed-image-overlay\" style=\"background-image: url(https:\/\/aerotec.es\/wp-content\/uploads\/2013\/05\/escuela-de-pilotos-aerotec.jpg);\">\n\t\t\t\t\t\t\t\t\t\t\t\t\t\t\t\t<div class=\"elementor-custom-embed-play\" role=\"button\" aria-label=\"Play Video\" tabindex=\"0\">\n\t\t\t\t\t\t\t<i aria-hidden=\"true\" class=\"eicon-play\"><\/i>\t\t\t\t\t\t<\/div>\n\t\t\t\t\t\t\t\t\t<\/div>\n\t\t\t\t\t<\/div>\n\t\t\t\t\t\t<\/div>\n\t\t\t\t<\/div>\n\t\t\t\t<div class=\"elementor-element elementor-element-3ad6425a elementor-widget elementor-widget-text-editor\" data-id=\"3ad6425a\" data-element_type=\"widget\" data-widget_type=\"text-editor.default\">\n\t\t\t\t<div class=\"elementor-widget-container\">\n\t\t\t\t\t\t\t\t\t<p>Several bases were subsequently opened in Palma de Mallorca (1995), Sevilla(1995), Santa Cruz de Tenerife (1996) and Las Palmas de Gran Canaria (2001).<\/p><p>We have always kept our commitment on the aeronautical training for professionals. AEROTEC was the first flight school in Spain that was specifically accredited for the training of Commercial Pilots (CLP), without needing to hold the Private Pilot Licence (PPL). AEROTEC holds the FTO certification (Flight Training Organization) from the day the European Rule JAR (26\/06\/2000) came into force.<\/p><p>We are members of the most prestigious national and international professional associations, e.g. the Asociaci\u00f3n de Escuelas de Formaci\u00f3n Aeron\u00e1utica (AEFA) and the European Association of Airline Pilots Schools (EAAPS), where quality accreditations, professionalism and continuity in the market are required in order to become a member. We also keep agreements with these associations aiming at ensuring that we provide the training standards.<\/p>\t\t\t\t\t\t\t\t<\/div>\n\t\t\t\t<\/div>\n\t\t\t\t\t<\/div>\n\t\t<\/div>\n\t\t\t\t\t<\/div>\n\t\t<\/section>\n\t\t\t\t<\/div>\n\t\t","protected":false},"excerpt":{"rendered":"<p>Our School AEROTEC was founded and set up by professionals of aeronautical teaching. It started to run its activity in 1993 in Madrid \u2013 Cuatro Vientos, where our central head office is located. https:\/\/www.youtube.com\/watch?v=XbzEkFMeNNs&#038;t=1s Several bases were subsequently opened in Palma de Mallorca (1995), Sevilla(1995), Santa Cruz de Tenerife (1996) and Las Palmas de Gran [&hellip;]<\/p>\n","protected":false},"author":1,"featured_media":0,"parent":977,"menu_order":0,"comment_status":"closed","ping_status":"closed","template":"elementor_header_footer","meta":{"_joinchat":[],"footnotes":""},"class_list":["post-973","page","type-page","status-publish","hentry"],"yoast_head":"<!-- This site is optimized with the Yoast SEO plugin v25.2 - https:\/\/yoast.com\/wordpress\/plugins\/seo\/ -->\n<title>Our school - Aerotec<\/title>\n<meta name=\"robots\" content=\"index, follow, max-snippet:-1, max-image-preview:large, max-video-preview:-1\" \/>\n<link rel=\"canonical\" href=\"https:\/\/aerotec.es\/en\/quienes-somos\/nuestra-escuela\/\" \/>\n<meta property=\"og:locale\" content=\"en_US\" \/>\n<meta property=\"og:type\" content=\"article\" \/>\n<meta property=\"og:title\" content=\"Our school - Aerotec\" \/>\n<meta property=\"og:description\" content=\"Our School AEROTEC was founded and set up by professionals of aeronautical teaching. It started to run its activity in 1993 in Madrid \u2013 Cuatro Vientos, where our central head office is located. https:\/\/www.youtube.com\/watch?v=XbzEkFMeNNs&#038;t=1s Several bases were subsequently opened in Palma de Mallorca (1995), Sevilla(1995), Santa Cruz de Tenerife (1996) and Las Palmas de Gran [&hellip;]\" \/>\n<meta property=\"og:url\" content=\"https:\/\/aerotec.es\/en\/quienes-somos\/nuestra-escuela\/\" \/>\n<meta property=\"og:site_name\" content=\"Aerotec\" \/>\n<meta property=\"article:publisher\" content=\"https:\/\/es-es.facebook.com\/aerotec.escueladepilotos\/\" \/>\n<meta property=\"article:modified_time\" content=\"2022-05-10T16:43:51+00:00\" \/>\n<meta name=\"twitter:label1\" content=\"Est. reading time\" \/>\n\t<meta name=\"twitter:data1\" content=\"2 minutes\" \/>\n<script type=\"application\/ld+json\" class=\"yoast-schema-graph\">{\"@context\":\"https:\/\/schema.org\",\"@graph\":[{\"@type\":\"WebPage\",\"@id\":\"https:\/\/aerotec.es\/en\/quienes-somos\/nuestra-escuela\/\",\"url\":\"https:\/\/aerotec.es\/en\/quienes-somos\/nuestra-escuela\/\",\"name\":\"Our school - Aerotec\",\"isPartOf\":{\"@id\":\"https:\/\/aerotec.es\/#website\"},\"datePublished\":\"2017-01-29T22:03:58+00:00\",\"dateModified\":\"2022-05-10T16:43:51+00:00\",\"breadcrumb\":{\"@id\":\"https:\/\/aerotec.es\/en\/quienes-somos\/nuestra-escuela\/#breadcrumb\"},\"inLanguage\":\"en-US\",\"potentialAction\":[{\"@type\":\"ReadAction\",\"target\":[\"https:\/\/aerotec.es\/en\/quienes-somos\/nuestra-escuela\/\"]}]},{\"@type\":\"BreadcrumbList\",\"@id\":\"https:\/\/aerotec.es\/en\/quienes-somos\/nuestra-escuela\/#breadcrumb\",\"itemListElement\":[{\"@type\":\"ListItem\",\"position\":1,\"name\":\"Portada\",\"item\":\"https:\/\/aerotec.es\/en\/\"},{\"@type\":\"ListItem\",\"position\":2,\"name\":\"About us\",\"item\":\"https:\/\/aerotec.es\/en\/quienes-somos\/\"},{\"@type\":\"ListItem\",\"position\":3,\"name\":\"Our school\"}]},{\"@type\":\"WebSite\",\"@id\":\"https:\/\/aerotec.es\/#website\",\"url\":\"https:\/\/aerotec.es\/\",\"name\":\"Aerotec\",\"description\":\"Aerotec escuela de pilotos\",\"publisher\":{\"@id\":\"https:\/\/aerotec.es\/#organization\"},\"potentialAction\":[{\"@type\":\"SearchAction\",\"target\":{\"@type\":\"EntryPoint\",\"urlTemplate\":\"https:\/\/aerotec.es\/?s={search_term_string}\"},\"query-input\":{\"@type\":\"PropertyValueSpecification\",\"valueRequired\":true,\"valueName\":\"search_term_string\"}}],\"inLanguage\":\"en-US\"},{\"@type\":\"Organization\",\"@id\":\"https:\/\/aerotec.es\/#organization\",\"name\":\"AEROTEC\",\"url\":\"https:\/\/aerotec.es\/\",\"logo\":{\"@type\":\"ImageObject\",\"inLanguage\":\"en-US\",\"@id\":\"https:\/\/aerotec.es\/#\/schema\/logo\/image\/\",\"url\":\"https:\/\/aerotec1.bestwebs.dev\/wp-content\/uploads\/2017\/01\/Logo_Aerotec.png\",\"contentUrl\":\"https:\/\/aerotec1.bestwebs.dev\/wp-content\/uploads\/2017\/01\/Logo_Aerotec.png\",\"width\":100,\"height\":85,\"caption\":\"AEROTEC\"},\"image\":{\"@id\":\"https:\/\/aerotec.es\/#\/schema\/logo\/image\/\"},\"sameAs\":[\"https:\/\/es-es.facebook.com\/aerotec.escueladepilotos\/\",\"https:\/\/www.instagram.com\/aerotec_fto\/\"]}]}<\/script>\n<!-- \/ Yoast SEO plugin. -->","yoast_head_json":{"title":"Our school - Aerotec","robots":{"index":"index","follow":"follow","max-snippet":"max-snippet:-1","max-image-preview":"max-image-preview:large","max-video-preview":"max-video-preview:-1"},"canonical":"https:\/\/aerotec.es\/en\/quienes-somos\/nuestra-escuela\/","og_locale":"en_US","og_type":"article","og_title":"Our school - Aerotec","og_description":"Our School AEROTEC was founded and set up by professionals of aeronautical teaching. It started to run its activity in 1993 in Madrid \u2013 Cuatro Vientos, where our central head office is located. https:\/\/www.youtube.com\/watch?v=XbzEkFMeNNs&#038;t=1s Several bases were subsequently opened in Palma de Mallorca (1995), Sevilla(1995), Santa Cruz de Tenerife (1996) and Las Palmas de Gran [&hellip;]","og_url":"https:\/\/aerotec.es\/en\/quienes-somos\/nuestra-escuela\/","og_site_name":"Aerotec","article_publisher":"https:\/\/es-es.facebook.com\/aerotec.escueladepilotos\/","article_modified_time":"2022-05-10T16:43:51+00:00","twitter_misc":{"Est. reading time":"2 minutes"},"schema":{"@context":"https:\/\/schema.org","@graph":[{"@type":"WebPage","@id":"https:\/\/aerotec.es\/en\/quienes-somos\/nuestra-escuela\/","url":"https:\/\/aerotec.es\/en\/quienes-somos\/nuestra-escuela\/","name":"Our school - Aerotec","isPartOf":{"@id":"https:\/\/aerotec.es\/#website"},"datePublished":"2017-01-29T22:03:58+00:00","dateModified":"2022-05-10T16:43:51+00:00","breadcrumb":{"@id":"https:\/\/aerotec.es\/en\/quienes-somos\/nuestra-escuela\/#breadcrumb"},"inLanguage":"en-US","potentialAction":[{"@type":"ReadAction","target":["https:\/\/aerotec.es\/en\/quienes-somos\/nuestra-escuela\/"]}]},{"@type":"BreadcrumbList","@id":"https:\/\/aerotec.es\/en\/quienes-somos\/nuestra-escuela\/#breadcrumb","itemListElement":[{"@type":"ListItem","position":1,"name":"Portada","item":"https:\/\/aerotec.es\/en\/"},{"@type":"ListItem","position":2,"name":"About us","item":"https:\/\/aerotec.es\/en\/quienes-somos\/"},{"@type":"ListItem","position":3,"name":"Our school"}]},{"@type":"WebSite","@id":"https:\/\/aerotec.es\/#website","url":"https:\/\/aerotec.es\/","name":"Aerotec","description":"Aerotec escuela de pilotos","publisher":{"@id":"https:\/\/aerotec.es\/#organization"},"potentialAction":[{"@type":"SearchAction","target":{"@type":"EntryPoint","urlTemplate":"https:\/\/aerotec.es\/?s={search_term_string}"},"query-input":{"@type":"PropertyValueSpecification","valueRequired":true,"valueName":"search_term_string"}}],"inLanguage":"en-US"},{"@type":"Organization","@id":"https:\/\/aerotec.es\/#organization","name":"AEROTEC","url":"https:\/\/aerotec.es\/","logo":{"@type":"ImageObject","inLanguage":"en-US","@id":"https:\/\/aerotec.es\/#\/schema\/logo\/image\/","url":"https:\/\/aerotec1.bestwebs.dev\/wp-content\/uploads\/2017\/01\/Logo_Aerotec.png","contentUrl":"https:\/\/aerotec1.bestwebs.dev\/wp-content\/uploads\/2017\/01\/Logo_Aerotec.png","width":100,"height":85,"caption":"AEROTEC"},"image":{"@id":"https:\/\/aerotec.es\/#\/schema\/logo\/image\/"},"sameAs":["https:\/\/es-es.facebook.com\/aerotec.escueladepilotos\/","https:\/\/www.instagram.com\/aerotec_fto\/"]}]}},"_links":{"self":[{"href":"https:\/\/aerotec.es\/en\/wp-json\/wp\/v2\/pages\/973","targetHints":{"allow":["GET"]}}],"collection":[{"href":"https:\/\/aerotec.es\/en\/wp-json\/wp\/v2\/pages"}],"about":[{"href":"https:\/\/aerotec.es\/en\/wp-json\/wp\/v2\/types\/page"}],"author":[{"embeddable":true,"href":"https:\/\/aerotec.es\/en\/wp-json\/wp\/v2\/users\/1"}],"replies":[{"embeddable":true,"href":"https:\/\/aerotec.es\/en\/wp-json\/wp\/v2\/comments?post=973"}],"version-history":[{"count":10,"href":"https:\/\/aerotec.es\/en\/wp-json\/wp\/v2\/pages\/973\/revisions"}],"predecessor-version":[{"id":4965,"href":"https:\/\/aerotec.es\/en\/wp-json\/wp\/v2\/pages\/973\/revisions\/4965"}],"up":[{"embeddable":true,"href":"https:\/\/aerotec.es\/en\/wp-json\/wp\/v2\/pages\/977"}],"wp:attachment":[{"href":"https:\/\/aerotec.es\/en\/wp-json\/wp\/v2\/media?parent=973"}],"curies":[{"name":"wp","href":"https:\/\/api.w.org\/{rel}","templated":true}]}}